{"id":38,"date":"2023-03-01T19:05:21","date_gmt":"2023-03-01T19:05:21","guid":{"rendered":"https:\/\/runesbrand.com\/index.php\/home\/"},"modified":"2023-03-01T19:05:26","modified_gmt":"2023-03-01T19:05:26","slug":"home","status":"publish","type":"page","link":"https:\/\/runesbrand.com\/","title":{"rendered":"Home"},"content":{"rendered":"<style>\/*! elementor - v3.11.2 - 22-02-2023 *\/\n.elementor-widget-image-carousel .swiper,.elementor-widget-image-carousel .swiper-container{position:static}.elementor-widget-image-carousel .swiper-container .swiper-slide figure,.elementor-widget-image-carousel .swiper .swiper-slide figure{line-height:inherit}.elementor-widget-image-carousel .swiper-slide{text-align:center}.elementor-image-carousel-wrapper:not(.swiper-container-initialized) .swiper-slide,.elementor-image-carousel-wrapper:not(.swiper-initialized) .swiper-slide{max-width:calc(100% \/ var(--e-image-carousel-slides-to-show, 3))}<\/style>\n<figure><img decoding=\"async\" src=\"https:\/\/runesbrand.com\/wp-content\/uploads\/2023\/03\/HomePage-Hero-Slide1.jpg\" alt=\"HomePage-Hero-Slide1.jpg\" \/><\/figure>\n<figure><img decoding=\"async\" src=\"https:\/\/runesbrand.com\/wp-content\/uploads\/2023\/03\/HomePage-Hero-Slide3.jpg\" alt=\"HomePage-Hero-Slide3.jpg\" \/><\/figure>\n<figure><img decoding=\"async\" src=\"https:\/\/runesbrand.com\/wp-content\/uploads\/2023\/03\/HomePage-Hero-Slide2.jpg\" alt=\"HomePage-Hero-Slide2.jpg\" \/><\/figure>\n<p>\t\tBe prepared for a new adventure with our Oubl\u00e9 bottles collection<br \/>\n\t\t\t<a href=\"https:\/\/library.elementor.com\/eco-friendly-water-bottles\/our-mission\/\" role=\"button\"><br \/>\n\t\t\t\t\t\tDiscover<br \/>\n\t\t\t\t\t<\/a><\/p>\n<h1>Oubl\u00e9<\/h1>\n<p>\t\t\t\t\t\t\t\t\t\t\t\t\t\t\t<img decoding=\"async\" width=\"394\" height=\"394\" src=\"https:\/\/runesbrand.com\/wp-content\/uploads\/2023\/03\/HomePage-OurMission-img_2.jpg\" alt=\"\" loading=\"lazy\" srcset=\"https:\/\/runesbrand.com\/wp-content\/uploads\/2023\/03\/HomePage-OurMission-img_2.jpg 394w, https:\/\/runesbrand.com\/wp-content\/uploads\/2023\/03\/HomePage-OurMission-img_2-300x300.jpg 300w, https:\/\/runesbrand.com\/wp-content\/uploads\/2023\/03\/HomePage-OurMission-img_2-150x150.jpg 150w\" sizes=\"(max-width: 394px) 100vw, 394px\" \/>\t\t\t\t\t\t\t\t\t\t\t\t\t\t\t<\/p>\n<h2>PLASTIC-FREE Oubl\u00e9 Bottles<\/h2>\n<p>Lorem ipsum dolor sit amet, consectetur adipiscing elit, sed do eiusmod tempor incididunt ut labore et dolore magna aliqua. Lorem ipsum dolor sit amet, consectetur adipiscing elit, sed do eiusmod tempor incididunt ut labore et dolore magna aliqua. Lorem ipsum dolor sit amet, consectetur adipiscing elit.<\/p>\n<p>\t\t\t<a href=\"https:\/\/library.elementor.com\/eco-friendly-water-bottles\/our-mission\/\" role=\"button\"><br \/>\n\t\t\t\t\t\tOUR Mission<br \/>\n\t\t\t\t\t<\/a><\/p>\n<h2>Everything you need to Know about Oubl\u00e9<\/h2>\n<figure><img decoding=\"async\" src=\"https:\/\/runesbrand.com\/wp-content\/uploads\/2023\/03\/HomePage-About-img_1.jpg\" alt=\"HomePage-About-img_1.jpg\" \/><\/figure>\n<figure><img decoding=\"async\" src=\"https:\/\/runesbrand.com\/wp-content\/uploads\/2023\/03\/HomePage-About-img_3.jpg\" alt=\"HomePage-About-img_3.jpg\" \/><\/figure>\n<figure><img decoding=\"async\" src=\"https:\/\/runesbrand.com\/wp-content\/uploads\/2023\/03\/HomePage-About-img_5.jpg\" alt=\"HomePage-About-img_5.jpg\" \/><\/figure>\n<figure><img decoding=\"async\" src=\"https:\/\/runesbrand.com\/wp-content\/uploads\/2023\/03\/HomePage-About-img_2.jpg\" alt=\"HomePage-About-img_2.jpg\" \/><\/figure>\n<figure><img decoding=\"async\" src=\"https:\/\/runesbrand.com\/wp-content\/uploads\/2023\/03\/HomePage-About-img_4.jpg\" alt=\"HomePage-About-img_4.jpg\" \/><\/figure>\n<figure><img decoding=\"async\" src=\"https:\/\/runesbrand.com\/wp-content\/uploads\/2023\/03\/HomePage-About-img_6.jpg\" alt=\"HomePage-About-img_6.jpg\" \/><\/figure>\n<h5>@OUBLE_OFFICIAL<\/h5>\n<link rel=\"stylesheet\" href=\"https:\/\/runesbrand.com\/wp-content\/plugins\/elementor\/assets\/css\/widget-icon-box.min.css\">\n<h3>\n\t\t\t\t\t\tColors &#038; Shapes<br \/>\n\t\t\t\t<\/h3>\n<p>\n\t\t\t\t\t\tThe bottles come in different colors, materials, and shapes. So, you can find the one that fits your needs and lifestyle exactly.\t\t\t\t\t<\/p>\n<h3>\n\t\t\t\t\t\tChemical-free<br \/>\n\t\t\t\t<\/h3>\n<p>\n\t\t\t\t\t\tOubl\u00e9 Bottles are made from natural materials. We use only glass and stainless steel to create a chemical-free product for improved taste and longevity.\t\t\t\t\t<\/p>\n<h3>\n\t\t\t\t\t\tFunctionality<br \/>\n\t\t\t\t<\/h3>\n<p>\n\t\t\t\t\t\tOubl\u00e9 Bottles maintain temperature for both hot and cold beverages. It\u2019s also resistant to leaks  and can be easily disassembled for thorough cleaning.\t\t\t\t\t<\/p>\n<h2>Sneak peek Into our new collection<\/h2>\n<p>\t\t\t\t\t\t\t\t\t\t\t\t\t\t\t<img decoding=\"async\" width=\"387\" height=\"380\" src=\"https:\/\/runesbrand.com\/wp-content\/uploads\/2023\/03\/HomePage-Gallery-img_1.jpg\" alt=\"\" loading=\"lazy\" srcset=\"https:\/\/runesbrand.com\/wp-content\/uploads\/2023\/03\/HomePage-Gallery-img_1.jpg 387w, https:\/\/runesbrand.com\/wp-content\/uploads\/2023\/03\/HomePage-Gallery-img_1-300x295.jpg 300w\" sizes=\"(max-width: 387px) 100vw, 387px\" \/><br \/>\n\t\t\t\t\t\t\t\t\t\t\t\t\t\t\t<img decoding=\"async\" width=\"505\" height=\"501\" src=\"https:\/\/runesbrand.com\/wp-content\/uploads\/2023\/03\/HomePage-Gallery-img_2.jpg\" alt=\"\" loading=\"lazy\" srcset=\"https:\/\/runesbrand.com\/wp-content\/uploads\/2023\/03\/HomePage-Gallery-img_2.jpg 505w, https:\/\/runesbrand.com\/wp-content\/uploads\/2023\/03\/HomePage-Gallery-img_2-300x298.jpg 300w, https:\/\/runesbrand.com\/wp-content\/uploads\/2023\/03\/HomePage-Gallery-img_2-150x150.jpg 150w\" sizes=\"(max-width: 505px) 100vw, 505px\" \/><br \/>\n\t\t\t\t\t\t\t\t\t\t\t\t\t\t\t<img decoding=\"async\" width=\"492\" height=\"514\" src=\"https:\/\/runesbrand.com\/wp-content\/uploads\/2023\/03\/HomePage-Gallery-img_3.jpg\" alt=\"\" loading=\"lazy\" srcset=\"https:\/\/runesbrand.com\/wp-content\/uploads\/2023\/03\/HomePage-Gallery-img_3.jpg 492w, https:\/\/runesbrand.com\/wp-content\/uploads\/2023\/03\/HomePage-Gallery-img_3-287x300.jpg 287w\" sizes=\"(max-width: 492px) 100vw, 492px\" \/><br \/>\n\t\t\t\t\t\t\t\t\t\t\t\t\t\t\t<img decoding=\"async\" width=\"387\" height=\"394\" src=\"https:\/\/runesbrand.com\/wp-content\/uploads\/2023\/03\/HomePage-Gallery-img_4.jpg\" alt=\"\" loading=\"lazy\" srcset=\"https:\/\/runesbrand.com\/wp-content\/uploads\/2023\/03\/HomePage-Gallery-img_4.jpg 387w, https:\/\/runesbrand.com\/wp-content\/uploads\/2023\/03\/HomePage-Gallery-img_4-295x300.jpg 295w\" sizes=\"(max-width: 387px) 100vw, 387px\" \/><br \/>\n\t\t\t<a href=\"https:\/\/library.elementor.com\/eco-friendly-water-bottles\/gallery\/\" role=\"button\"><br \/>\n\t\t\t\t\t\tview more<br \/>\n\t\t\t\t\t<\/a><\/p>\n<h2>What others say about Oubl\u00e9 <\/h2>\n<style>\/*! elementor - v3.11.2 - 22-02-2023 *\/\n@charset \"UTF-8\";.elementor-star-rating{color:#ccd6df;font-family:eicons;display:inline-block}.elementor-star-rating i{display:inline-block;position:relative;font-style:normal;cursor:default}.elementor-star-rating i:before{content:\"e934\";display:block;font-size:inherit;font-family:inherit;position:absolute;overflow:hidden;color:#f0ad4e;top:0;left:0}.elementor-star-rating .elementor-star-empty:before{content:none}.elementor-star-rating .elementor-star-1:before{width:10%}.elementor-star-rating .elementor-star-2:before{width:20%}.elementor-star-rating .elementor-star-3:before{width:30%}.elementor-star-rating .elementor-star-4:before{width:40%}.elementor-star-rating .elementor-star-5:before{width:50%}.elementor-star-rating .elementor-star-6:before{width:60%}.elementor-star-rating .elementor-star-7:before{width:70%}.elementor-star-rating .elementor-star-8:before{width:80%}.elementor-star-rating .elementor-star-9:before{width:90%}.elementor-star-rating__wrapper{display:flex;align-items:center}.elementor-star-rating__title{margin-right:10px}.elementor-star-rating--align-right .elementor-star-rating__wrapper{text-align:right;justify-content:flex-end}.elementor-star-rating--align-left .elementor-star-rating__wrapper{text-align:left;justify-content:flex-start}.elementor-star-rating--align-center .elementor-star-rating__wrapper{text-align:center;justify-content:center}.elementor-star-rating--align-justify .elementor-star-rating__title{margin-right:auto}@media (max-width:1024px){.elementor-star-rating-tablet--align-right .elementor-star-rating__wrapper{text-align:right;justify-content:flex-end}.elementor-star-rating-tablet--align-left .elementor-star-rating__wrapper{text-align:left;justify-content:flex-start}.elementor-star-rating-tablet--align-center .elementor-star-rating__wrapper{text-align:center;justify-content:center}.elementor-star-rating-tablet--align-justify .elementor-star-rating__title{margin-right:auto}}@media (max-width:767px){.elementor-star-rating-mobile--align-right .elementor-star-rating__wrapper{text-align:right;justify-content:flex-end}.elementor-star-rating-mobile--align-left .elementor-star-rating__wrapper{text-align:left;justify-content:flex-start}.elementor-star-rating-mobile--align-center .elementor-star-rating__wrapper{text-align:center;justify-content:center}.elementor-star-rating-mobile--align-justify .elementor-star-rating__title{margin-right:auto}}.last-star{letter-spacing:0}.elementor--star-style-star_unicode .elementor-star-rating{font-family:Arial,Helvetica,sans-serif}.elementor--star-style-star_unicode .elementor-star-rating i:not(.elementor-star-empty):before{content:\"\u2605\"}<\/style>\n<p>\t\t\t\t\t\t<i>&#9733;<\/i><i>&#9733;<\/i><i>&#9733;<\/i><i>&#9733;<\/i><i>&#9733;<\/i> 5\/5\t\t<\/p>\n<style>\/*! elementor - v3.11.2 - 22-02-2023 *\/\n.elementor-testimonial-wrapper{overflow:hidden;text-align:center}.elementor-testimonial-wrapper .elementor-testimonial-content{font-size:1.3em;margin-bottom:20px}.elementor-testimonial-wrapper .elementor-testimonial-name{line-height:1.5;display:block}.elementor-testimonial-wrapper .elementor-testimonial-job{font-size:.85em;display:block}.elementor-testimonial-wrapper .elementor-testimonial-meta{width:100%;line-height:1}.elementor-testimonial-wrapper .elementor-testimonial-meta-inner{display:inline-block}.elementor-testimonial-wrapper .elementor-testimonial-meta .elementor-testimonial-details,.elementor-testimonial-wrapper .elementor-testimonial-meta .elementor-testimonial-image{display:table-cell;vertical-align:middle}.elementor-testimonial-wrapper .elementor-testimonial-meta .elementor-testimonial-image img{width:60px;height:60px;border-radius:50%;-o-object-fit:cover;object-fit:cover;max-width:none}.elementor-testimonial-wrapper .elementor-testimonial-meta.elementor-testimonial-image-position-aside .elementor-testimonial-image{padding-right:15px}.elementor-testimonial-wrapper .elementor-testimonial-meta.elementor-testimonial-image-position-aside .elementor-testimonial-details{text-align:left}.elementor-testimonial-wrapper .elementor-testimonial-meta.elementor-testimonial-image-position-top .elementor-testimonial-details,.elementor-testimonial-wrapper .elementor-testimonial-meta.elementor-testimonial-image-position-top .elementor-testimonial-image{display:block}.elementor-testimonial-wrapper .elementor-testimonial-meta.elementor-testimonial-image-position-top .elementor-testimonial-image{margin-bottom:20px}<\/style>\n<p>\t\t\t\t\t\t\t&#8220;I felt connected to Oubl\u00e9 approach so I decided switch to Sustainable bottle and i love it!!&#8221;<br \/>\n\t\t\t\t\t\t\t\t\t\t\t\t\t\tLuti Bron<br \/>\n\t\t\t\t\t\t<i>&#9733;<\/i><i>&#9733;<\/i><i>&#9733;<\/i><i>&#9733;<\/i><i>&#9733;<\/i> 5\/5<br \/>\n\t\t\t\t\t\t\t\u05f4I am very happy with my purchase, the bottle with me everywhere I go. Highly recommend!!\u05f4<br \/>\n\t\t\t\t\t\t\t\t\t\t\t\t\t\tOliy Sew<\/p>\n<h2>Follow the Story<\/h2>\n<figure class='gallery-item'>\n\t\t\t\t<img width=\"171\" height=\"171\" src=\"https:\/\/runesbrand.com\/wp-content\/uploads\/2023\/03\/HomePage-Footer-Gallery-img_1.jpg\" alt=\"\" decoding=\"async\" loading=\"lazy\" srcset=\"https:\/\/runesbrand.com\/wp-content\/uploads\/2023\/03\/HomePage-Footer-Gallery-img_1.jpg 171w, https:\/\/runesbrand.com\/wp-content\/uploads\/2023\/03\/HomePage-Footer-Gallery-img_1-150x150.jpg 150w\" sizes=\"(max-width: 171px) 100vw, 171px\" \/><br \/>\n\t\t\t<\/figure>\n<figure class='gallery-item'>\n\t\t\t\t<img width=\"171\" height=\"171\" src=\"https:\/\/runesbrand.com\/wp-content\/uploads\/2023\/03\/HomePage-Footer-Gallery-img_2.jpg\" alt=\"\" decoding=\"async\" loading=\"lazy\" srcset=\"https:\/\/runesbrand.com\/wp-content\/uploads\/2023\/03\/HomePage-Footer-Gallery-img_2.jpg 171w, https:\/\/runesbrand.com\/wp-content\/uploads\/2023\/03\/HomePage-Footer-Gallery-img_2-150x150.jpg 150w\" sizes=\"(max-width: 171px) 100vw, 171px\" \/><br \/>\n\t\t\t<\/figure>\n<figure class='gallery-item'>\n\t\t\t\t<img width=\"171\" height=\"171\" src=\"https:\/\/runesbrand.com\/wp-content\/uploads\/2023\/03\/HomePage-Footer-Gallery-img_3.jpg\" alt=\"\" decoding=\"async\" loading=\"lazy\" srcset=\"https:\/\/runesbrand.com\/wp-content\/uploads\/2023\/03\/HomePage-Footer-Gallery-img_3.jpg 171w, https:\/\/runesbrand.com\/wp-content\/uploads\/2023\/03\/HomePage-Footer-Gallery-img_3-150x150.jpg 150w\" sizes=\"(max-width: 171px) 100vw, 171px\" \/><br \/>\n\t\t\t<\/figure>\n<figure class='gallery-item'>\n\t\t\t\t<img width=\"171\" height=\"171\" src=\"https:\/\/runesbrand.com\/wp-content\/uploads\/2023\/03\/HomePage-Footer-Gallery-img_4.jpg\" alt=\"\" decoding=\"async\" loading=\"lazy\" srcset=\"https:\/\/runesbrand.com\/wp-content\/uploads\/2023\/03\/HomePage-Footer-Gallery-img_4.jpg 171w, https:\/\/runesbrand.com\/wp-content\/uploads\/2023\/03\/HomePage-Footer-Gallery-img_4-150x150.jpg 150w\" sizes=\"(max-width: 171px) 100vw, 171px\" \/><br \/>\n\t\t\t<\/figure>\n<ul>\n<li>\n\t\t\t\t\t\t\t\t\t\t\t<a href=\"#\"><br \/>\n\t\t\t\t\t\t\t\t\t\t\tInstagram<br \/>\n\t\t\t\t\t\t\t\t\t\t\t<\/a>\n\t\t\t\t\t\t\t\t\t<\/li>\n<li>\n\t\t\t\t\t\t\t\t\t\t\t<a href=\"#\"><br \/>\n\t\t\t\t\t\t\t\t\t\t\ttwitter<br \/>\n\t\t\t\t\t\t\t\t\t\t\t<\/a>\n\t\t\t\t\t\t\t\t\t<\/li>\n<li>\n\t\t\t\t\t\t\t\t\t\t\t<a href=\"#\"><br \/>\n\t\t\t\t\t\t\t\t\t\t\tfacebook<br \/>\n\t\t\t\t\t\t\t\t\t\t\t<\/a>\n\t\t\t\t\t\t\t\t\t<\/li>\n<\/ul>\n<h1>Oubl\u00e9<\/h1>\n","protected":false},"excerpt":{"rendered":"<p>Be prepared for a new adventure with our Oubl\u00e9 bottles collection Discover Oubl\u00e9 PLASTIC-FREE Oubl\u00e9 Bottles Lorem ipsum dolor sit amet, consectetur adipiscing elit, sed do eiusmod tempor incididunt ut labore et dolore magna aliqua. Lorem ipsum dolor sit amet, consectetur adipiscing elit, sed do eiusmod tempor incididunt ut labore et dolore magna aliqua. Lorem [&hellip;]<\/p>\n","protected":false},"author":1,"featured_media":0,"parent":0,"menu_order":0,"comment_status":"closed","ping_status":"closed","template":"elementor_header_footer","meta":{"footnotes":""},"yoast_head":"<!-- This site is optimized with the Yoast SEO plugin v20.5 - https:\/\/yoast.com\/wordpress\/plugins\/seo\/ -->\n<title>Home - Runnes brand<\/title>\n<meta name=\"robots\" content=\"index, follow, max-snippet:-1, max-image-preview:large, max-video-preview:-1\" \/>\n<link rel=\"canonical\" href=\"https:\/\/runesbrand.com\/\" \/>\n<meta property=\"og:locale\" content=\"en_US\" \/>\n<meta property=\"og:type\" content=\"article\" \/>\n<meta property=\"og:title\" content=\"Home - Runnes brand\" \/>\n<meta property=\"og:description\" content=\"Be prepared for a new adventure with our Oubl\u00e9 bottles collection Discover Oubl\u00e9 PLASTIC-FREE Oubl\u00e9 Bottles Lorem ipsum dolor sit amet, consectetur adipiscing elit, sed do eiusmod tempor incididunt ut labore et dolore magna aliqua. Lorem ipsum dolor sit amet, consectetur adipiscing elit, sed do eiusmod tempor incididunt ut labore et dolore magna aliqua. Lorem [&hellip;]\" \/>\n<meta property=\"og:url\" content=\"https:\/\/runesbrand.com\/\" \/>\n<meta property=\"og:site_name\" content=\"Runnes brand\" \/>\n<meta property=\"article:modified_time\" content=\"2023-03-01T19:05:26+00:00\" \/>\n<meta property=\"og:image\" content=\"https:\/\/runesbrand.com\/wp-content\/uploads\/2023\/03\/HomePage-Hero-Slide1.jpg\" \/>\n<meta name=\"twitter:card\" content=\"summary_large_image\" \/>\n<meta name=\"twitter:label1\" content=\"Est. reading time\" \/>\n\t<meta name=\"twitter:data1\" content=\"1 minute\" \/>\n<script type=\"application\/ld+json\" class=\"yoast-schema-graph\">{\"@context\":\"https:\/\/schema.org\",\"@graph\":[{\"@type\":\"WebPage\",\"@id\":\"https:\/\/runesbrand.com\/\",\"url\":\"https:\/\/runesbrand.com\/\",\"name\":\"Home - Runnes brand\",\"isPartOf\":{\"@id\":\"https:\/\/runesbrand.com\/#website\"},\"datePublished\":\"2023-03-01T19:05:21+00:00\",\"dateModified\":\"2023-03-01T19:05:26+00:00\",\"breadcrumb\":{\"@id\":\"https:\/\/runesbrand.com\/#breadcrumb\"},\"inLanguage\":\"en-US\",\"potentialAction\":[{\"@type\":\"ReadAction\",\"target\":[\"https:\/\/runesbrand.com\/\"]}]},{\"@type\":\"BreadcrumbList\",\"@id\":\"https:\/\/runesbrand.com\/#breadcrumb\",\"itemListElement\":[{\"@type\":\"ListItem\",\"position\":1,\"name\":\"Portada\",\"item\":\"https:\/\/runesbrand.com\/\"},{\"@type\":\"ListItem\",\"position\":2,\"name\":\"Home\"}]},{\"@type\":\"WebSite\",\"@id\":\"https:\/\/runesbrand.com\/#website\",\"url\":\"https:\/\/runesbrand.com\/\",\"name\":\"Runnes brand\",\"description\":\"Marca de ropa deportiva inspirada en los deportes de monta\u00f1a y crossfit\",\"publisher\":{\"@id\":\"https:\/\/runesbrand.com\/#organization\"},\"potentialAction\":[{\"@type\":\"SearchAction\",\"target\":{\"@type\":\"EntryPoint\",\"urlTemplate\":\"https:\/\/runesbrand.com\/?s={search_term_string}\"},\"query-input\":\"required name=search_term_string\"}],\"inLanguage\":\"en-US\"},{\"@type\":\"Organization\",\"@id\":\"https:\/\/runesbrand.com\/#organization\",\"name\":\"Runnes brand\",\"url\":\"https:\/\/runesbrand.com\/\",\"logo\":{\"@type\":\"ImageObject\",\"inLanguage\":\"en-US\",\"@id\":\"https:\/\/runesbrand.com\/#\/schema\/logo\/image\/\",\"url\":\"https:\/\/runesbrand.com\/wp-content\/uploads\/2023\/03\/runes_logos_TEXTO_BLANCO.png\",\"contentUrl\":\"https:\/\/runesbrand.com\/wp-content\/uploads\/2023\/03\/runes_logos_TEXTO_BLANCO.png\",\"width\":2724,\"height\":810,\"caption\":\"Runnes brand\"},\"image\":{\"@id\":\"https:\/\/runesbrand.com\/#\/schema\/logo\/image\/\"},\"sameAs\":[\"https:\/\/www.instagram.com\/runes.brand\/\"]}]}<\/script>\n<!-- \/ Yoast SEO plugin. -->","yoast_head_json":{"title":"Home - Runnes brand","robots":{"index":"index","follow":"follow","max-snippet":"max-snippet:-1","max-image-preview":"max-image-preview:large","max-video-preview":"max-video-preview:-1"},"canonical":"https:\/\/runesbrand.com\/","og_locale":"en_US","og_type":"article","og_title":"Home - Runnes brand","og_description":"Be prepared for a new adventure with our Oubl\u00e9 bottles collection Discover Oubl\u00e9 PLASTIC-FREE Oubl\u00e9 Bottles Lorem ipsum dolor sit amet, consectetur adipiscing elit, sed do eiusmod tempor incididunt ut labore et dolore magna aliqua. Lorem ipsum dolor sit amet, consectetur adipiscing elit, sed do eiusmod tempor incididunt ut labore et dolore magna aliqua. Lorem [&hellip;]","og_url":"https:\/\/runesbrand.com\/","og_site_name":"Runnes brand","article_modified_time":"2023-03-01T19:05:26+00:00","og_image":[{"url":"https:\/\/runesbrand.com\/wp-content\/uploads\/2023\/03\/HomePage-Hero-Slide1.jpg"}],"twitter_card":"summary_large_image","twitter_misc":{"Est. reading time":"1 minute"},"schema":{"@context":"https:\/\/schema.org","@graph":[{"@type":"WebPage","@id":"https:\/\/runesbrand.com\/","url":"https:\/\/runesbrand.com\/","name":"Home - Runnes brand","isPartOf":{"@id":"https:\/\/runesbrand.com\/#website"},"datePublished":"2023-03-01T19:05:21+00:00","dateModified":"2023-03-01T19:05:26+00:00","breadcrumb":{"@id":"https:\/\/runesbrand.com\/#breadcrumb"},"inLanguage":"en-US","potentialAction":[{"@type":"ReadAction","target":["https:\/\/runesbrand.com\/"]}]},{"@type":"BreadcrumbList","@id":"https:\/\/runesbrand.com\/#breadcrumb","itemListElement":[{"@type":"ListItem","position":1,"name":"Portada","item":"https:\/\/runesbrand.com\/"},{"@type":"ListItem","position":2,"name":"Home"}]},{"@type":"WebSite","@id":"https:\/\/runesbrand.com\/#website","url":"https:\/\/runesbrand.com\/","name":"Runnes brand","description":"Marca de ropa deportiva inspirada en los deportes de monta\u00f1a y crossfit","publisher":{"@id":"https:\/\/runesbrand.com\/#organization"},"potentialAction":[{"@type":"SearchAction","target":{"@type":"EntryPoint","urlTemplate":"https:\/\/runesbrand.com\/?s={search_term_string}"},"query-input":"required name=search_term_string"}],"inLanguage":"en-US"},{"@type":"Organization","@id":"https:\/\/runesbrand.com\/#organization","name":"Runnes brand","url":"https:\/\/runesbrand.com\/","logo":{"@type":"ImageObject","inLanguage":"en-US","@id":"https:\/\/runesbrand.com\/#\/schema\/logo\/image\/","url":"https:\/\/runesbrand.com\/wp-content\/uploads\/2023\/03\/runes_logos_TEXTO_BLANCO.png","contentUrl":"https:\/\/runesbrand.com\/wp-content\/uploads\/2023\/03\/runes_logos_TEXTO_BLANCO.png","width":2724,"height":810,"caption":"Runnes brand"},"image":{"@id":"https:\/\/runesbrand.com\/#\/schema\/logo\/image\/"},"sameAs":["https:\/\/www.instagram.com\/runes.brand\/"]}]}},"_links":{"self":[{"href":"https:\/\/runesbrand.com\/index.php\/wp-json\/wp\/v2\/pages\/38"}],"collection":[{"href":"https:\/\/runesbrand.com\/index.php\/wp-json\/wp\/v2\/pages"}],"about":[{"href":"https:\/\/runesbrand.com\/index.php\/wp-json\/wp\/v2\/types\/page"}],"author":[{"embeddable":true,"href":"https:\/\/runesbrand.com\/index.php\/wp-json\/wp\/v2\/users\/1"}],"replies":[{"embeddable":true,"href":"https:\/\/runesbrand.com\/index.php\/wp-json\/wp\/v2\/comments?post=38"}],"version-history":[{"count":3,"href":"https:\/\/runesbrand.com\/index.php\/wp-json\/wp\/v2\/pages\/38\/revisions"}],"predecessor-version":[{"id":67,"href":"https:\/\/runesbrand.com\/index.php\/wp-json\/wp\/v2\/pages\/38\/revisions\/67"}],"wp:attachment":[{"href":"https:\/\/runesbrand.com\/index.php\/wp-json\/wp\/v2\/media?parent=38"}],"curies":[{"name":"wp","href":"https:\/\/api.w.org\/{rel}","templated":true}]}}